{"id":966,"date":"2023-12-05T23:46:33","date_gmt":"2023-12-06T02:46:33","guid":{"rendered":"https:\/\/amazonflavors.com.br\/shop\/uncategorized\/tapipoca-with-acai\/"},"modified":"2025-09-10T09:04:04","modified_gmt":"2025-09-10T12:04:04","slug":"tapipoca-com-acai","status":"publish","type":"product","link":"https:\/\/amazonflavors.com.br\/en\/shop\/tapioca-en\/tapipoca-com-acai\/","title":{"rendered":"TAPIOCA WITH ACAI"},"content":{"rendered":"<p>Explore the heavenly flavor of Tapipoca A\u00e7a\u00ed. In this delicious combination, the lightness of tapioca meets the intensity and richness of a\u00e7a\u00ed, creating a unique experience that transports your senses to a universe of flavors.<\/p>\n<p>Each serving is a journey of indulgence, where the smooth texture of tapioca harmonizes with the creaminess and enveloping aroma of a\u00e7a\u00ed. Ideal for a nutritious breakfast, snack or dessert, Tapioca A\u00e7a\u00ed Universo offers a delicious way to enjoy the antioxidant and energizing power of a\u00e7a\u00ed.<\/p>\n","protected":false},"excerpt":{"rendered":"<p>Explore the heavenly flavor of Tapipoca A\u00e7a\u00ed. In this delicious combination, the lightness of tapioca meets the intensity and richness of a\u00e7a\u00ed, creating a unique experience<span class=\"excerpt-hellip\"> [\u2026]<\/span><\/p>\n","protected":false},"featured_media":877,"comment_status":"open","ping_status":"closed","template":"","meta":[],"product_brand":[],"product_cat":[289],"product_tag":[],"class_list":{"0":"post-966","1":"product","2":"type-product","3":"status-publish","4":"has-post-thumbnail","6":"product_cat-tapioca-en","8":"first","9":"instock","10":"taxable","11":"shipping-taxable","12":"purchasable","13":"product-type-simple"},"_links":{"self":[{"href":"https:\/\/amazonflavors.com.br\/en\/wp-json\/wp\/v2\/product\/966","targetHints":{"allow":["GET"]}}],"collection":[{"href":"https:\/\/amazonflavors.com.br\/en\/wp-json\/wp\/v2\/product"}],"about":[{"href":"https:\/\/amazonflavors.com.br\/en\/wp-json\/wp\/v2\/types\/product"}],"replies":[{"embeddable":true,"href":"https:\/\/amazonflavors.com.br\/en\/wp-json\/wp\/v2\/comments?post=966"}],"wp:featuredmedia":[{"embeddable":true,"href":"https:\/\/amazonflavors.com.br\/en\/wp-json\/wp\/v2\/media\/877"}],"wp:attachment":[{"href":"https:\/\/amazonflavors.com.br\/en\/wp-json\/wp\/v2\/media?parent=966"}],"wp:term":[{"taxonomy":"product_brand","embeddable":true,"href":"https:\/\/amazonflavors.com.br\/en\/wp-json\/wp\/v2\/product_brand?post=966"},{"taxonomy":"product_cat","embeddable":true,"href":"https:\/\/amazonflavors.com.br\/en\/wp-json\/wp\/v2\/product_cat?post=966"},{"taxonomy":"product_tag","embeddable":true,"href":"https:\/\/amazonflavors.com.br\/en\/wp-json\/wp\/v2\/product_tag?post=966"}],"curies":[{"name":"wp","href":"https:\/\/api.w.org\/{rel}","templated":true}]}}