{"id":2671,"date":"2026-04-24T07:15:34","date_gmt":"2026-04-24T10:15:34","guid":{"rendered":"https:\/\/amazonflavors.com.br\/?post_type=product&#038;p=2671"},"modified":"2026-04-24T07:18:11","modified_gmt":"2026-04-24T10:18:11","slug":"extrato-de-cumaru","status":"publish","type":"product","link":"https:\/\/amazonflavors.com.br\/en\/shop\/todos\/extrato-de-cumaru\/","title":{"rendered":"Extrato de Cumaru"},"content":{"rendered":"<h3 data-section-id=\"1te18jj\" data-start=\"74\" data-end=\"135\"><span role=\"text\">\ud83c\udf3f <strong data-start=\"81\" data-end=\"135\">Extrato de Cumaru \u2013 A Baunilha da Amaz\u00f4nia (10 ml)<\/strong><\/span><\/h3>\n<p data-start=\"137\" data-end=\"410\">Descubra o sabor \u00fanico da Amaz\u00f4nia com o <strong data-start=\"178\" data-end=\"214\">Extrato de Cumaru Amazon Flavors<\/strong>, um produto premium extra\u00eddo das sementes do cumaru amaz\u00f4nico, conhecido como a \u201cbaunilha brasileira\u201d. Com aroma intenso, sofisticado e marcante, \u00e9 perfeito para elevar o n\u00edvel das suas receitas.<\/p>\n<p data-start=\"412\" data-end=\"595\">Ideal para quem busca qualidade e autenticidade, o extrato de cumaru proporciona um toque especial em prepara\u00e7\u00f5es doces e bebidas, trazendo um perfil arom\u00e1tico exclusivo e envolvente.<\/p>\n<p data-start=\"597\" data-end=\"617\">\u2728 <strong data-start=\"599\" data-end=\"617\">Perfeito para:<\/strong><\/p>\n<ul data-start=\"618\" data-end=\"699\">\n<li data-section-id=\"hjn3j\" data-start=\"618\" data-end=\"633\">Confeitaria<\/li>\n<li data-section-id=\"18gbkxy\" data-start=\"634\" data-end=\"650\">Chocolateria<\/li>\n<li data-section-id=\"z5abvz\" data-start=\"651\" data-end=\"676\">Drinks e coquetelaria<\/li>\n<li data-section-id=\"cyxl5n\" data-start=\"677\" data-end=\"699\">Sobremesas gourmet<\/li>\n<\/ul>\n<p data-start=\"701\" data-end=\"721\">\ud83c\udf31 <strong data-start=\"704\" data-end=\"721\">Diferenciais:<\/strong><\/p>\n<ul data-start=\"722\" data-end=\"857\">\n<li data-section-id=\"x1jghe\" data-start=\"722\" data-end=\"753\">Produto amaz\u00f4nico aut\u00eantico<\/li>\n<li data-section-id=\"qygm94\" data-start=\"754\" data-end=\"781\">Aroma natural e intenso<\/li>\n<li data-section-id=\"1qyfajw\" data-start=\"782\" data-end=\"835\">Alto rendimento (poucas gotas j\u00e1 fazem diferen\u00e7a)<\/li>\n<li data-section-id=\"otrmjb\" data-start=\"836\" data-end=\"857\">Qualidade premium<\/li>\n<\/ul>\n<p data-start=\"859\" data-end=\"949\">Transforme suas receitas com um ingrediente ex\u00f3tico, sofisticado e cheio de personalidade.<\/p>\n","protected":false},"excerpt":{"rendered":"<p>\ud83c\udf3f Extrato de Cumaru \u2013 A Baunilha da Amaz\u00f4nia (10 ml) Descubra o sabor \u00fanico da Amaz\u00f4nia com o Extrato de Cumaru Amazon Flavors, um produto<span class=\"excerpt-hellip\"> [\u2026]<\/span><\/p>\n","protected":false},"featured_media":2672,"comment_status":"open","ping_status":"closed","template":"","meta":[],"product_brand":[],"product_cat":[326,126],"product_tag":[],"class_list":{"0":"post-2671","1":"product","2":"type-product","3":"status-publish","4":"has-post-thumbnail","6":"product_cat-tempero","7":"product_cat-todos","9":"first","10":"instock","11":"taxable","12":"shipping-taxable","13":"purchasable","14":"product-type-simple"},"_links":{"self":[{"href":"https:\/\/amazonflavors.com.br\/en\/wp-json\/wp\/v2\/product\/2671","targetHints":{"allow":["GET"]}}],"collection":[{"href":"https:\/\/amazonflavors.com.br\/en\/wp-json\/wp\/v2\/product"}],"about":[{"href":"https:\/\/amazonflavors.com.br\/en\/wp-json\/wp\/v2\/types\/product"}],"replies":[{"embeddable":true,"href":"https:\/\/amazonflavors.com.br\/en\/wp-json\/wp\/v2\/comments?post=2671"}],"wp:featuredmedia":[{"embeddable":true,"href":"https:\/\/amazonflavors.com.br\/en\/wp-json\/wp\/v2\/media\/2672"}],"wp:attachment":[{"href":"https:\/\/amazonflavors.com.br\/en\/wp-json\/wp\/v2\/media?parent=2671"}],"wp:term":[{"taxonomy":"product_brand","embeddable":true,"href":"https:\/\/amazonflavors.com.br\/en\/wp-json\/wp\/v2\/product_brand?post=2671"},{"taxonomy":"product_cat","embeddable":true,"href":"https:\/\/amazonflavors.com.br\/en\/wp-json\/wp\/v2\/product_cat?post=2671"},{"taxonomy":"product_tag","embeddable":true,"href":"https:\/\/amazonflavors.com.br\/en\/wp-json\/wp\/v2\/product_tag?post=2671"}],"curies":[{"name":"wp","href":"https:\/\/api.w.org\/{rel}","templated":true}]}}