{"id":2646,"date":"2026-01-15T14:07:48","date_gmt":"2026-01-15T17:07:48","guid":{"rendered":"https:\/\/amazonflavors.com.br\/?post_type=product&#038;p=2646"},"modified":"2026-05-08T17:42:00","modified_gmt":"2026-05-08T20:42:00","slug":"caldo-de-tucupi-com-jambu","status":"publish","type":"product","link":"https:\/\/amazonflavors.com.br\/en\/shop\/todos\/caldo-de-tucupi-com-jambu\/","title":{"rendered":"Caldo de Tucup\u00ed com Jambu"},"content":{"rendered":"<p>Descubra os Benef\u00edcios do Caldo de Tucupi com Jambu<\/p>\n<p>&nbsp;<\/p>\n<p>Experimente o aut\u00eantico sabor da Amaz\u00f4nia! Nosso tucupi \u00e9 preparado com mandioca brava fermentada e jambu selecionado, resultando em um caldo 100% natural, sem conservantes. Essa experi\u00eancia \u00e9 \u00fanica e inesquec\u00edvel!<\/p>\n","protected":false},"excerpt":{"rendered":"<p>Descubra os Benef\u00edcios do Caldo de Tucupi com Jambu &nbsp; Experimente o aut\u00eantico sabor da Amaz\u00f4nia! Nosso tucupi \u00e9 preparado com mandioca brava fermentada e jambu<span class=\"excerpt-hellip\"> [\u2026]<\/span><\/p>\n","protected":false},"featured_media":2431,"comment_status":"open","ping_status":"closed","template":"","meta":[],"product_brand":[],"product_cat":[313,159,126],"product_tag":[337,340,339],"class_list":{"0":"post-2646","1":"product","2":"type-product","3":"status-publish","4":"has-post-thumbnail","6":"product_cat-bebidas","7":"product_cat-jambu","8":"product_cat-todos","9":"product_tag-caldo","10":"product_tag-jambu","11":"product_tag-tucupi","13":"first","14":"instock","15":"taxable","16":"shipping-taxable","17":"purchasable","18":"product-type-simple"},"_links":{"self":[{"href":"https:\/\/amazonflavors.com.br\/en\/wp-json\/wp\/v2\/product\/2646","targetHints":{"allow":["GET"]}}],"collection":[{"href":"https:\/\/amazonflavors.com.br\/en\/wp-json\/wp\/v2\/product"}],"about":[{"href":"https:\/\/amazonflavors.com.br\/en\/wp-json\/wp\/v2\/types\/product"}],"replies":[{"embeddable":true,"href":"https:\/\/amazonflavors.com.br\/en\/wp-json\/wp\/v2\/comments?post=2646"}],"wp:featuredmedia":[{"embeddable":true,"href":"https:\/\/amazonflavors.com.br\/en\/wp-json\/wp\/v2\/media\/2431"}],"wp:attachment":[{"href":"https:\/\/amazonflavors.com.br\/en\/wp-json\/wp\/v2\/media?parent=2646"}],"wp:term":[{"taxonomy":"product_brand","embeddable":true,"href":"https:\/\/amazonflavors.com.br\/en\/wp-json\/wp\/v2\/product_brand?post=2646"},{"taxonomy":"product_cat","embeddable":true,"href":"https:\/\/amazonflavors.com.br\/en\/wp-json\/wp\/v2\/product_cat?post=2646"},{"taxonomy":"product_tag","embeddable":true,"href":"https:\/\/amazonflavors.com.br\/en\/wp-json\/wp\/v2\/product_tag?post=2646"}],"curies":[{"name":"wp","href":"https:\/\/api.w.org\/{rel}","templated":true}]}}