{"id":2621,"date":"2025-12-16T22:30:06","date_gmt":"2025-12-17T01:30:06","guid":{"rendered":"https:\/\/amazonflavors.com.br\/?post_type=product&#038;p=2621"},"modified":"2026-03-23T08:21:07","modified_gmt":"2026-03-23T11:21:07","slug":"drageado-de-castanha-do-para-com-chocolate-70-sem-acucar-80-g","status":"publish","type":"product","link":"https:\/\/amazonflavors.com.br\/en\/shop\/todos\/drageado-de-castanha-do-para-com-chocolate-70-sem-acucar-80-g\/","title":{"rendered":"Drageado de castanha do Par\u00e1 com chocolate 70% sem a\u00e7\u00facar 80 g"},"content":{"rendered":"<p>Irresist\u00edvel drageado de castanha-do-par\u00e1 com chocolate 70% cacau. Um snack saud\u00e1vel, crocante e sem a\u00e7\u00facar. Rico em sel\u00eanio e antioxidantes. Ideal para dietas restritivas e para quem busca um doce funcional com sabor intenso.<span class=\"uJ19be notranslate\" data-wiz-uids=\"qNaVze_t,qNaVze_u,qNaVze_v\" data-processed=\"true\"><span class=\"vKEkVd\" data-animation-atomic=\"\" data-wiz-attrbind=\"class=qNaVze_t\/TKHnVd;\" data-processed=\"true\">\u00a0<\/span><\/span><\/p>\n","protected":false},"excerpt":{"rendered":"<p>Irresist\u00edvel drageado de castanha-do-par\u00e1 com chocolate 70% cacau. Um snack saud\u00e1vel, crocante e sem a\u00e7\u00facar. Rico em sel\u00eanio e antioxidantes. Ideal para dietas restritivas e para<span class=\"excerpt-hellip\"> [\u2026]<\/span><\/p>\n","protected":false},"featured_media":2622,"comment_status":"open","ping_status":"closed","template":"","meta":[],"product_brand":[],"product_cat":[315,126],"product_tag":[],"class_list":{"0":"post-2621","1":"product","2":"type-product","3":"status-publish","4":"has-post-thumbnail","6":"product_cat-chocolates","7":"product_cat-todos","9":"first","10":"instock","11":"taxable","12":"shipping-taxable","13":"purchasable","14":"product-type-simple"},"_links":{"self":[{"href":"https:\/\/amazonflavors.com.br\/en\/wp-json\/wp\/v2\/product\/2621","targetHints":{"allow":["GET"]}}],"collection":[{"href":"https:\/\/amazonflavors.com.br\/en\/wp-json\/wp\/v2\/product"}],"about":[{"href":"https:\/\/amazonflavors.com.br\/en\/wp-json\/wp\/v2\/types\/product"}],"replies":[{"embeddable":true,"href":"https:\/\/amazonflavors.com.br\/en\/wp-json\/wp\/v2\/comments?post=2621"}],"wp:featuredmedia":[{"embeddable":true,"href":"https:\/\/amazonflavors.com.br\/en\/wp-json\/wp\/v2\/media\/2622"}],"wp:attachment":[{"href":"https:\/\/amazonflavors.com.br\/en\/wp-json\/wp\/v2\/media?parent=2621"}],"wp:term":[{"taxonomy":"product_brand","embeddable":true,"href":"https:\/\/amazonflavors.com.br\/en\/wp-json\/wp\/v2\/product_brand?post=2621"},{"taxonomy":"product_cat","embeddable":true,"href":"https:\/\/amazonflavors.com.br\/en\/wp-json\/wp\/v2\/product_cat?post=2621"},{"taxonomy":"product_tag","embeddable":true,"href":"https:\/\/amazonflavors.com.br\/en\/wp-json\/wp\/v2\/product_tag?post=2621"}],"curies":[{"name":"wp","href":"https:\/\/api.w.org\/{rel}","templated":true}]}}