{"id":2612,"date":"2025-12-16T22:26:34","date_gmt":"2025-12-17T01:26:34","guid":{"rendered":"https:\/\/amazonflavors.com.br\/?post_type=product&#038;p=2612"},"modified":"2025-12-16T22:26:34","modified_gmt":"2025-12-17T01:26:34","slug":"chicoria-em-po-desidratada-25-g","status":"publish","type":"product","link":"https:\/\/amazonflavors.com.br\/en\/shop\/todos\/chicoria-em-po-desidratada-25-g\/","title":{"rendered":"Chic\u00f3ria em p\u00f3 desidratada 25 g"},"content":{"rendered":"<p>Descubra o sabor marcante e os benef\u00edcios da\u00a0<strong class=\"Yjhzub\" data-processed=\"true\">Chic\u00f3ria em P\u00f3 Desidratada<\/strong>\u00a0em um pr\u00e1tico pacote de 25g. Rica em vitaminas, minerais e fibras como a inulina, este tempero 100% natural melhora a digest\u00e3o, refor\u00e7a a imunidade e adiciona um toque amaz\u00f4nico aut\u00eantico \u00e0s suas receitas.<\/p>\n","protected":false},"excerpt":{"rendered":"<p>Descubra o sabor marcante e os benef\u00edcios da\u00a0Chic\u00f3ria em P\u00f3 Desidratada\u00a0em um pr\u00e1tico pacote de 25g. Rica em vitaminas, minerais e fibras como a inulina, este<span class=\"excerpt-hellip\"> [\u2026]<\/span><\/p>\n","protected":false},"featured_media":2613,"comment_status":"open","ping_status":"closed","template":"","meta":[],"product_brand":[],"product_cat":[326,126],"product_tag":[],"class_list":{"0":"post-2612","1":"product","2":"type-product","3":"status-publish","4":"has-post-thumbnail","6":"product_cat-tempero","7":"product_cat-todos","9":"first","10":"instock","11":"taxable","12":"shipping-taxable","13":"purchasable","14":"product-type-simple"},"_links":{"self":[{"href":"https:\/\/amazonflavors.com.br\/en\/wp-json\/wp\/v2\/product\/2612","targetHints":{"allow":["GET"]}}],"collection":[{"href":"https:\/\/amazonflavors.com.br\/en\/wp-json\/wp\/v2\/product"}],"about":[{"href":"https:\/\/amazonflavors.com.br\/en\/wp-json\/wp\/v2\/types\/product"}],"replies":[{"embeddable":true,"href":"https:\/\/amazonflavors.com.br\/en\/wp-json\/wp\/v2\/comments?post=2612"}],"wp:featuredmedia":[{"embeddable":true,"href":"https:\/\/amazonflavors.com.br\/en\/wp-json\/wp\/v2\/media\/2613"}],"wp:attachment":[{"href":"https:\/\/amazonflavors.com.br\/en\/wp-json\/wp\/v2\/media?parent=2612"}],"wp:term":[{"taxonomy":"product_brand","embeddable":true,"href":"https:\/\/amazonflavors.com.br\/en\/wp-json\/wp\/v2\/product_brand?post=2612"},{"taxonomy":"product_cat","embeddable":true,"href":"https:\/\/amazonflavors.com.br\/en\/wp-json\/wp\/v2\/product_cat?post=2612"},{"taxonomy":"product_tag","embeddable":true,"href":"https:\/\/amazonflavors.com.br\/en\/wp-json\/wp\/v2\/product_tag?post=2612"}],"curies":[{"name":"wp","href":"https:\/\/api.w.org\/{rel}","templated":true}]}}