{"id":2603,"date":"2025-12-16T22:21:25","date_gmt":"2025-12-17T01:21:25","guid":{"rendered":"https:\/\/amazonflavors.com.br\/?post_type=product&#038;p=2603"},"modified":"2025-12-16T22:22:40","modified_gmt":"2025-12-17T01:22:40","slug":"geleia-de-bacuri-sem-acucar-230-gramas","status":"publish","type":"product","link":"https:\/\/amazonflavors.com.br\/en\/shop\/todos\/geleia-de-bacuri-sem-acucar-230-gramas\/","title":{"rendered":"Geleia de bacuri sem a\u00e7\u00facar 230 gramas"},"content":{"rendered":"<p>Geleia de Bacuri sem a\u00e7\u00facar 230 g, feita com fruta amaz\u00f4nica selecionada, sabor intenso e natural. Ideal para dietas com restri\u00e7\u00e3o de a\u00e7\u00facar, perfeita para p\u00e3es, torradas e receitas saud\u00e1veis.<\/p>\n","protected":false},"excerpt":{"rendered":"<p>Geleia de Bacuri sem a\u00e7\u00facar 230 g, feita com fruta amaz\u00f4nica selecionada, sabor intenso e natural. Ideal para dietas com restri\u00e7\u00e3o de a\u00e7\u00facar, perfeita para p\u00e3es,<span class=\"excerpt-hellip\"> [\u2026]<\/span><\/p>\n","protected":false},"featured_media":2604,"comment_status":"open","ping_status":"closed","template":"","meta":[],"product_brand":[],"product_cat":[162,126],"product_tag":[],"class_list":{"0":"post-2603","1":"product","2":"type-product","3":"status-publish","4":"has-post-thumbnail","6":"product_cat-geleias","7":"product_cat-todos","9":"first","10":"instock","11":"taxable","12":"shipping-taxable","13":"purchasable","14":"product-type-simple"},"_links":{"self":[{"href":"https:\/\/amazonflavors.com.br\/en\/wp-json\/wp\/v2\/product\/2603","targetHints":{"allow":["GET"]}}],"collection":[{"href":"https:\/\/amazonflavors.com.br\/en\/wp-json\/wp\/v2\/product"}],"about":[{"href":"https:\/\/amazonflavors.com.br\/en\/wp-json\/wp\/v2\/types\/product"}],"replies":[{"embeddable":true,"href":"https:\/\/amazonflavors.com.br\/en\/wp-json\/wp\/v2\/comments?post=2603"}],"wp:featuredmedia":[{"embeddable":true,"href":"https:\/\/amazonflavors.com.br\/en\/wp-json\/wp\/v2\/media\/2604"}],"wp:attachment":[{"href":"https:\/\/amazonflavors.com.br\/en\/wp-json\/wp\/v2\/media?parent=2603"}],"wp:term":[{"taxonomy":"product_brand","embeddable":true,"href":"https:\/\/amazonflavors.com.br\/en\/wp-json\/wp\/v2\/product_brand?post=2603"},{"taxonomy":"product_cat","embeddable":true,"href":"https:\/\/amazonflavors.com.br\/en\/wp-json\/wp\/v2\/product_cat?post=2603"},{"taxonomy":"product_tag","embeddable":true,"href":"https:\/\/amazonflavors.com.br\/en\/wp-json\/wp\/v2\/product_tag?post=2603"}],"curies":[{"name":"wp","href":"https:\/\/api.w.org\/{rel}","templated":true}]}}