{"id":2594,"date":"2025-12-16T22:17:56","date_gmt":"2025-12-17T01:17:56","guid":{"rendered":"https:\/\/amazonflavors.com.br\/?post_type=product&#038;p=2594"},"modified":"2025-12-16T22:31:49","modified_gmt":"2025-12-17T01:31:49","slug":"licor-de-cupuacu-160-ml","status":"publish","type":"product","link":"https:\/\/amazonflavors.com.br\/en\/shop\/todos\/licor-de-cupuacu-160-ml\/","title":{"rendered":"Licor de cupua\u00e7u 160 ml"},"content":{"rendered":"<p>Descubra o\u00a0<strong class=\"Yjhzub\" data-processed=\"true\">Licor de Cupua\u00e7u 160ml<\/strong>, uma bebida artesanal que captura a ess\u00eancia da floresta amaz\u00f4nica em uma garrafa compacta.<\/p>\n","protected":false},"excerpt":{"rendered":"<p>Descubra o\u00a0Licor de Cupua\u00e7u 160ml, uma bebida artesanal que captura a ess\u00eancia da floresta amaz\u00f4nica em uma garrafa compacta.<\/p>\n","protected":false},"featured_media":2595,"comment_status":"open","ping_status":"closed","template":"","meta":[],"product_brand":[],"product_cat":[313,126],"product_tag":[],"class_list":{"0":"post-2594","1":"product","2":"type-product","3":"status-publish","4":"has-post-thumbnail","6":"product_cat-bebidas","7":"product_cat-todos","9":"first","10":"instock","11":"taxable","12":"shipping-taxable","13":"purchasable","14":"product-type-simple"},"_links":{"self":[{"href":"https:\/\/amazonflavors.com.br\/en\/wp-json\/wp\/v2\/product\/2594","targetHints":{"allow":["GET"]}}],"collection":[{"href":"https:\/\/amazonflavors.com.br\/en\/wp-json\/wp\/v2\/product"}],"about":[{"href":"https:\/\/amazonflavors.com.br\/en\/wp-json\/wp\/v2\/types\/product"}],"replies":[{"embeddable":true,"href":"https:\/\/amazonflavors.com.br\/en\/wp-json\/wp\/v2\/comments?post=2594"}],"wp:featuredmedia":[{"embeddable":true,"href":"https:\/\/amazonflavors.com.br\/en\/wp-json\/wp\/v2\/media\/2595"}],"wp:attachment":[{"href":"https:\/\/amazonflavors.com.br\/en\/wp-json\/wp\/v2\/media?parent=2594"}],"wp:term":[{"taxonomy":"product_brand","embeddable":true,"href":"https:\/\/amazonflavors.com.br\/en\/wp-json\/wp\/v2\/product_brand?post=2594"},{"taxonomy":"product_cat","embeddable":true,"href":"https:\/\/amazonflavors.com.br\/en\/wp-json\/wp\/v2\/product_cat?post=2594"},{"taxonomy":"product_tag","embeddable":true,"href":"https:\/\/amazonflavors.com.br\/en\/wp-json\/wp\/v2\/product_tag?post=2594"}],"curies":[{"name":"wp","href":"https:\/\/api.w.org\/{rel}","templated":true}]}}