{"id":2326,"date":"2024-07-18T15:51:13","date_gmt":"2024-07-18T18:51:13","guid":{"rendered":"https:\/\/amazonflavors.com.br\/shop\/uncategorized\/jambu-realcador-de-sabor-25g\/"},"modified":"2025-09-05T01:21:59","modified_gmt":"2025-09-05T04:21:59","slug":"realcador-de-sabor-25g","status":"publish","type":"product","link":"https:\/\/amazonflavors.com.br\/en\/shop\/jambu-en\/realcador-de-sabor-25g\/","title":{"rendered":"Jambu Real\u00e7ador de Sabor 25g"},"content":{"rendered":"<p>O jambu (Acmella oleracea) \u00e9 uma planta t\u00edpica da Amaz\u00f4nia, conhecida pelo seu efeito anest\u00e9sico natural devido \u00e0 presen\u00e7a do espilantol. Al\u00e9m de ser amplamente utilizado na culin\u00e1ria regional, como no famoso tacac\u00e1, o jambu possui propriedades medicinais, incluindo a\u00e7\u00e3o analg\u00e9sica, anti-inflamat\u00f3ria e estimulante da circula\u00e7\u00e3o sangu\u00ednea. Tamb\u00e9m fortalece o sistema imunol\u00f3gico, auxilia na digest\u00e3o e pode ter efeitos afrodis\u00edacos. Seu consumo moderado traz benef\u00edcios para a sa\u00fade bucal e pode aliviar dores leves.<\/p>\n","protected":false},"excerpt":{"rendered":"<p>O jambu (Acmella oleracea) \u00e9 uma planta t\u00edpica da Amaz\u00f4nia, conhecida pelo seu efeito anest\u00e9sico natural devido \u00e0 presen\u00e7a do espilantol. Al\u00e9m de ser amplamente utilizado<span class=\"excerpt-hellip\"> [\u2026]<\/span><\/p>\n","protected":false},"featured_media":2551,"comment_status":"open","ping_status":"closed","template":"","meta":[],"product_brand":[],"product_cat":[327,279],"product_tag":[],"class_list":{"0":"post-2326","1":"product","2":"type-product","3":"status-publish","4":"has-post-thumbnail","6":"product_cat-flavor-enhancer","7":"product_cat-jambu-en","9":"first","10":"instock","11":"taxable","12":"shipping-taxable","13":"purchasable","14":"product-type-simple"},"_links":{"self":[{"href":"https:\/\/amazonflavors.com.br\/en\/wp-json\/wp\/v2\/product\/2326","targetHints":{"allow":["GET"]}}],"collection":[{"href":"https:\/\/amazonflavors.com.br\/en\/wp-json\/wp\/v2\/product"}],"about":[{"href":"https:\/\/amazonflavors.com.br\/en\/wp-json\/wp\/v2\/types\/product"}],"replies":[{"embeddable":true,"href":"https:\/\/amazonflavors.com.br\/en\/wp-json\/wp\/v2\/comments?post=2326"}],"wp:featuredmedia":[{"embeddable":true,"href":"https:\/\/amazonflavors.com.br\/en\/wp-json\/wp\/v2\/media\/2551"}],"wp:attachment":[{"href":"https:\/\/amazonflavors.com.br\/en\/wp-json\/wp\/v2\/media?parent=2326"}],"wp:term":[{"taxonomy":"product_brand","embeddable":true,"href":"https:\/\/amazonflavors.com.br\/en\/wp-json\/wp\/v2\/product_brand?post=2326"},{"taxonomy":"product_cat","embeddable":true,"href":"https:\/\/amazonflavors.com.br\/en\/wp-json\/wp\/v2\/product_cat?post=2326"},{"taxonomy":"product_tag","embeddable":true,"href":"https:\/\/amazonflavors.com.br\/en\/wp-json\/wp\/v2\/product_tag?post=2326"}],"curies":[{"name":"wp","href":"https:\/\/api.w.org\/{rel}","templated":true}]}}