{"id":2272,"date":"2025-02-11T18:57:30","date_gmt":"2025-02-11T21:57:30","guid":{"rendered":"https:\/\/amazonflavors.com.br\/?post_type=product&#038;p=2272"},"modified":"2025-11-10T23:50:47","modified_gmt":"2025-11-11T02:50:47","slug":"semente-de-granel-1kg","status":"publish","type":"product","link":"https:\/\/amazonflavors.com.br\/en\/shop\/todos\/semente-de-granel-1kg\/","title":{"rendered":"SEMENTE DE CUMARU A GRANEL 1kg"},"content":{"rendered":"<p>As sementes comercializadas a granel na Amaz\u00f4nia incluem uma variedade de esp\u00e9cies naturais ricas em nutrientes essenciais para a sa\u00fade. Dependendo do tipo de semente, podem oferecer benef\u00edcios como alto teor de fibras, prote\u00ednas, antioxidantes e gorduras saud\u00e1veis. Sementes como a de girassol, ab\u00f3bora, chia e linha\u00e7a auxiliam na digest\u00e3o, fortalecem o sistema imunol\u00f3gico e contribuem para a sa\u00fade cardiovascular. Al\u00e9m disso, s\u00e3o fontes naturais de vitaminas e minerais como ferro, magn\u00e9sio e \u00f4mega-3, sendo ideais para consumo em saladas, p\u00e3es, granolas e outras prepara\u00e7\u00f5es saud\u00e1veis.<\/p>\n","protected":false},"excerpt":{"rendered":"<p>As sementes comercializadas a granel na Amaz\u00f4nia incluem uma variedade de esp\u00e9cies naturais ricas em nutrientes essenciais para a sa\u00fade. Dependendo do tipo de semente, podem<span class=\"excerpt-hellip\"> [\u2026]<\/span><\/p>\n","protected":false},"featured_media":2263,"comment_status":"open","ping_status":"closed","template":"","meta":[],"product_brand":[],"product_cat":[316,126],"product_tag":[],"class_list":{"0":"post-2272","1":"product","2":"type-product","3":"status-publish","4":"has-post-thumbnail","6":"product_cat-food-service","7":"product_cat-todos","9":"first","10":"instock","11":"taxable","12":"shipping-taxable","13":"purchasable","14":"product-type-simple"},"_links":{"self":[{"href":"https:\/\/amazonflavors.com.br\/en\/wp-json\/wp\/v2\/product\/2272","targetHints":{"allow":["GET"]}}],"collection":[{"href":"https:\/\/amazonflavors.com.br\/en\/wp-json\/wp\/v2\/product"}],"about":[{"href":"https:\/\/amazonflavors.com.br\/en\/wp-json\/wp\/v2\/types\/product"}],"replies":[{"embeddable":true,"href":"https:\/\/amazonflavors.com.br\/en\/wp-json\/wp\/v2\/comments?post=2272"}],"wp:featuredmedia":[{"embeddable":true,"href":"https:\/\/amazonflavors.com.br\/en\/wp-json\/wp\/v2\/media\/2263"}],"wp:attachment":[{"href":"https:\/\/amazonflavors.com.br\/en\/wp-json\/wp\/v2\/media?parent=2272"}],"wp:term":[{"taxonomy":"product_brand","embeddable":true,"href":"https:\/\/amazonflavors.com.br\/en\/wp-json\/wp\/v2\/product_brand?post=2272"},{"taxonomy":"product_cat","embeddable":true,"href":"https:\/\/amazonflavors.com.br\/en\/wp-json\/wp\/v2\/product_cat?post=2272"},{"taxonomy":"product_tag","embeddable":true,"href":"https:\/\/amazonflavors.com.br\/en\/wp-json\/wp\/v2\/product_tag?post=2272"}],"curies":[{"name":"wp","href":"https:\/\/api.w.org\/{rel}","templated":true}]}}