{"id":2253,"date":"2025-02-11T09:53:36","date_gmt":"2025-02-11T12:53:36","guid":{"rendered":"https:\/\/amazonflavors.com.br\/?post_type=product&#038;p=2253"},"modified":"2026-03-23T08:21:08","modified_gmt":"2026-03-23T11:21:08","slug":"nibs-cacau-1kg","status":"publish","type":"product","link":"https:\/\/amazonflavors.com.br\/en\/shop\/todos\/nibs-cacau-1kg\/","title":{"rendered":"NIBS CACAU 1kg"},"content":{"rendered":"<p>Nossos chocolates \u201cbean to bar\u201d provenientes 100% de cooperativas paraenses, com sele\u00e7\u00e3o de am\u00eandoas fermentadas dando um Terrua \u00fanico em nossos chocolates.<\/p>\n","protected":false},"excerpt":{"rendered":"<p>Nossos chocolates \u201cbean to bar\u201d provenientes 100% de cooperativas paraenses, com sele\u00e7\u00e3o de am\u00eandoas fermentadas dando um Terrua \u00fanico em nossos chocolates.<\/p>\n","protected":false},"featured_media":2254,"comment_status":"open","ping_status":"closed","template":"","meta":[],"product_brand":[],"product_cat":[316,126],"product_tag":[],"class_list":{"0":"post-2253","1":"product","2":"type-product","3":"status-publish","4":"has-post-thumbnail","6":"product_cat-food-service","7":"product_cat-todos","9":"first","10":"instock","11":"taxable","12":"shipping-taxable","13":"purchasable","14":"product-type-simple"},"_links":{"self":[{"href":"https:\/\/amazonflavors.com.br\/en\/wp-json\/wp\/v2\/product\/2253","targetHints":{"allow":["GET"]}}],"collection":[{"href":"https:\/\/amazonflavors.com.br\/en\/wp-json\/wp\/v2\/product"}],"about":[{"href":"https:\/\/amazonflavors.com.br\/en\/wp-json\/wp\/v2\/types\/product"}],"replies":[{"embeddable":true,"href":"https:\/\/amazonflavors.com.br\/en\/wp-json\/wp\/v2\/comments?post=2253"}],"wp:featuredmedia":[{"embeddable":true,"href":"https:\/\/amazonflavors.com.br\/en\/wp-json\/wp\/v2\/media\/2254"}],"wp:attachment":[{"href":"https:\/\/amazonflavors.com.br\/en\/wp-json\/wp\/v2\/media?parent=2253"}],"wp:term":[{"taxonomy":"product_brand","embeddable":true,"href":"https:\/\/amazonflavors.com.br\/en\/wp-json\/wp\/v2\/product_brand?post=2253"},{"taxonomy":"product_cat","embeddable":true,"href":"https:\/\/amazonflavors.com.br\/en\/wp-json\/wp\/v2\/product_cat?post=2253"},{"taxonomy":"product_tag","embeddable":true,"href":"https:\/\/amazonflavors.com.br\/en\/wp-json\/wp\/v2\/product_tag?post=2253"}],"curies":[{"name":"wp","href":"https:\/\/api.w.org\/{rel}","templated":true}]}}