{"id":2221,"date":"2025-02-11T10:15:43","date_gmt":"2025-02-11T13:15:43","guid":{"rendered":"https:\/\/amazonflavors.com.br\/?post_type=product&#038;p=2221"},"modified":"2026-04-28T15:30:42","modified_gmt":"2026-04-28T18:30:42","slug":"pimenta-cumari-25g","status":"publish","type":"product","link":"https:\/\/amazonflavors.com.br\/en\/shop\/todos\/pimenta-cumari-25g\/","title":{"rendered":"PIMENTA CUMARI 25g"},"content":{"rendered":"<p>A pimenta cumari \u00e9 uma variedade amaz\u00f4nica de sabor intenso e ard\u00eancia marcante, muito apreciada na culin\u00e1ria brasileira. Rica em capsaicina, possui propriedades anti-inflamat\u00f3rias, analg\u00e9sicas e antioxidantes, ajudando a fortalecer o sistema imunol\u00f3gico e melhorar a circula\u00e7\u00e3o sangu\u00ednea. Seu consumo tamb\u00e9m pode acelerar o metabolismo, auxiliando na queima de gordura e na digest\u00e3o. Al\u00e9m disso, cont\u00e9m vitaminas A e C, que contribuem para a sa\u00fade da pele e dos olhos. Muito utilizada no preparo de molhos, conservas e temperos, a pimenta cumari agrega um toque picante e arom\u00e1tico a diversas receitas.<\/p>\n","protected":false},"excerpt":{"rendered":"<p>A pimenta cumari \u00e9 uma variedade amaz\u00f4nica de sabor intenso e ard\u00eancia marcante, muito apreciada na culin\u00e1ria brasileira. Rica em capsaicina, possui propriedades anti-inflamat\u00f3rias, analg\u00e9sicas e<span class=\"excerpt-hellip\"> [\u2026]<\/span><\/p>\n","protected":false},"featured_media":2269,"comment_status":"open","ping_status":"closed","template":"","meta":[],"product_brand":[],"product_cat":[326,126],"product_tag":[],"class_list":{"0":"post-2221","1":"product","2":"type-product","3":"status-publish","4":"has-post-thumbnail","6":"product_cat-tempero","7":"product_cat-todos","9":"first","10":"instock","11":"taxable","12":"shipping-taxable","13":"purchasable","14":"product-type-simple"},"_links":{"self":[{"href":"https:\/\/amazonflavors.com.br\/en\/wp-json\/wp\/v2\/product\/2221","targetHints":{"allow":["GET"]}}],"collection":[{"href":"https:\/\/amazonflavors.com.br\/en\/wp-json\/wp\/v2\/product"}],"about":[{"href":"https:\/\/amazonflavors.com.br\/en\/wp-json\/wp\/v2\/types\/product"}],"replies":[{"embeddable":true,"href":"https:\/\/amazonflavors.com.br\/en\/wp-json\/wp\/v2\/comments?post=2221"}],"wp:featuredmedia":[{"embeddable":true,"href":"https:\/\/amazonflavors.com.br\/en\/wp-json\/wp\/v2\/media\/2269"}],"wp:attachment":[{"href":"https:\/\/amazonflavors.com.br\/en\/wp-json\/wp\/v2\/media?parent=2221"}],"wp:term":[{"taxonomy":"product_brand","embeddable":true,"href":"https:\/\/amazonflavors.com.br\/en\/wp-json\/wp\/v2\/product_brand?post=2221"},{"taxonomy":"product_cat","embeddable":true,"href":"https:\/\/amazonflavors.com.br\/en\/wp-json\/wp\/v2\/product_cat?post=2221"},{"taxonomy":"product_tag","embeddable":true,"href":"https:\/\/amazonflavors.com.br\/en\/wp-json\/wp\/v2\/product_tag?post=2221"}],"curies":[{"name":"wp","href":"https:\/\/api.w.org\/{rel}","templated":true}]}}