{"id":2219,"date":"2025-02-11T10:16:11","date_gmt":"2025-02-11T13:16:11","guid":{"rendered":"https:\/\/amazonflavors.com.br\/?post_type=product&#038;p=2219"},"modified":"2026-04-28T15:30:42","modified_gmt":"2026-04-28T18:30:42","slug":"pimenta-assasi-25g","status":"publish","type":"product","link":"https:\/\/amazonflavors.com.br\/en\/shop\/todos\/pimenta-assasi-25g\/","title":{"rendered":"PIMENTA ASSISI 25g"},"content":{"rendered":"<p>A pimenta assasi \u00e9 uma variedade amaz\u00f4nica conhecida por seu sabor intenso e levemente frutado, al\u00e9m de um ardor m\u00e9dio que real\u00e7a pratos regionais. Rica em capsaicina, possui propriedades anti-inflamat\u00f3rias, analg\u00e9sicas e termog\u00eanicas, ajudando na digest\u00e3o, acelerando o metabolismo e fortalecendo o sistema imunol\u00f3gico. Al\u00e9m disso, cont\u00e9m antioxidantes naturais que combatem os radicais livres, contribuindo para a sa\u00fade cardiovascular. Essa pimenta \u00e9 um ingrediente essencial na culin\u00e1ria amaz\u00f4nica, sendo utilizada em molhos, carnes, peixes e temperos, trazendo um toque especial e marcante \u00e0s receitas.<\/p>\n","protected":false},"excerpt":{"rendered":"<p>A pimenta assasi \u00e9 uma variedade amaz\u00f4nica conhecida por seu sabor intenso e levemente frutado, al\u00e9m de um ardor m\u00e9dio que real\u00e7a pratos regionais. Rica em<span class=\"excerpt-hellip\"> [\u2026]<\/span><\/p>\n","protected":false},"featured_media":2267,"comment_status":"open","ping_status":"closed","template":"","meta":[],"product_brand":[],"product_cat":[326,126],"product_tag":[],"class_list":{"0":"post-2219","1":"product","2":"type-product","3":"status-publish","4":"has-post-thumbnail","6":"product_cat-tempero","7":"product_cat-todos","9":"first","10":"instock","11":"taxable","12":"shipping-taxable","13":"purchasable","14":"product-type-simple"},"_links":{"self":[{"href":"https:\/\/amazonflavors.com.br\/en\/wp-json\/wp\/v2\/product\/2219","targetHints":{"allow":["GET"]}}],"collection":[{"href":"https:\/\/amazonflavors.com.br\/en\/wp-json\/wp\/v2\/product"}],"about":[{"href":"https:\/\/amazonflavors.com.br\/en\/wp-json\/wp\/v2\/types\/product"}],"replies":[{"embeddable":true,"href":"https:\/\/amazonflavors.com.br\/en\/wp-json\/wp\/v2\/comments?post=2219"}],"wp:featuredmedia":[{"embeddable":true,"href":"https:\/\/amazonflavors.com.br\/en\/wp-json\/wp\/v2\/media\/2267"}],"wp:attachment":[{"href":"https:\/\/amazonflavors.com.br\/en\/wp-json\/wp\/v2\/media?parent=2219"}],"wp:term":[{"taxonomy":"product_brand","embeddable":true,"href":"https:\/\/amazonflavors.com.br\/en\/wp-json\/wp\/v2\/product_brand?post=2219"},{"taxonomy":"product_cat","embeddable":true,"href":"https:\/\/amazonflavors.com.br\/en\/wp-json\/wp\/v2\/product_cat?post=2219"},{"taxonomy":"product_tag","embeddable":true,"href":"https:\/\/amazonflavors.com.br\/en\/wp-json\/wp\/v2\/product_tag?post=2219"}],"curies":[{"name":"wp","href":"https:\/\/api.w.org\/{rel}","templated":true}]}}