{"id":2217,"date":"2025-02-11T10:17:00","date_gmt":"2025-02-11T13:17:00","guid":{"rendered":"https:\/\/amazonflavors.com.br\/?post_type=product&#038;p=2217"},"modified":"2025-12-16T22:03:19","modified_gmt":"2025-12-17T01:03:19","slug":"sementes-de-cumaru-desidratada-30g","status":"publish","type":"product","link":"https:\/\/amazonflavors.com.br\/en\/shop\/todos\/sementes-de-cumaru-desidratada-30g\/","title":{"rendered":"SEMENTES DE CUMARU DESIDRATADA 30g"},"content":{"rendered":"<p>O cumaru, conhecido como a &#8220;baunilha da Amaz\u00f4nia&#8221;, \u00e9 uma semente arom\u00e1tica rica em cumarina, subst\u00e2ncia com propriedades antioxidantes, anti-inflamat\u00f3rias e antimicrobianas. Seu uso vai al\u00e9m da culin\u00e1ria, sendo empregado na perfumaria e na medicina tradicional. O cumaru auxilia na melhora da circula\u00e7\u00e3o sangu\u00ednea, combate os radicais livres e pode ter efeitos relaxantes, reduzindo o estresse e a ansiedade. Al\u00e9m disso, seu aroma intenso e sabor adocicado real\u00e7am sobremesas, bebidas e prepara\u00e7\u00f5es gourmet. Cultivado de forma sustent\u00e1vel na Amaz\u00f4nia, \u00e9 um ingrediente vers\u00e1til e altamente valorizado.<\/p>\n","protected":false},"excerpt":{"rendered":"<p>O cumaru, conhecido como a &#8220;baunilha da Amaz\u00f4nia&#8221;, \u00e9 uma semente arom\u00e1tica rica em cumarina, subst\u00e2ncia com propriedades antioxidantes, anti-inflamat\u00f3rias e antimicrobianas. Seu uso vai al\u00e9m<span class=\"excerpt-hellip\"> [\u2026]<\/span><\/p>\n","protected":false},"featured_media":2572,"comment_status":"open","ping_status":"closed","template":"","meta":[],"product_brand":[],"product_cat":[326,126],"product_tag":[],"class_list":{"0":"post-2217","1":"product","2":"type-product","3":"status-publish","4":"has-post-thumbnail","6":"product_cat-tempero","7":"product_cat-todos","9":"first","10":"instock","11":"taxable","12":"shipping-taxable","13":"purchasable","14":"product-type-simple"},"_links":{"self":[{"href":"https:\/\/amazonflavors.com.br\/en\/wp-json\/wp\/v2\/product\/2217","targetHints":{"allow":["GET"]}}],"collection":[{"href":"https:\/\/amazonflavors.com.br\/en\/wp-json\/wp\/v2\/product"}],"about":[{"href":"https:\/\/amazonflavors.com.br\/en\/wp-json\/wp\/v2\/types\/product"}],"replies":[{"embeddable":true,"href":"https:\/\/amazonflavors.com.br\/en\/wp-json\/wp\/v2\/comments?post=2217"}],"wp:featuredmedia":[{"embeddable":true,"href":"https:\/\/amazonflavors.com.br\/en\/wp-json\/wp\/v2\/media\/2572"}],"wp:attachment":[{"href":"https:\/\/amazonflavors.com.br\/en\/wp-json\/wp\/v2\/media?parent=2217"}],"wp:term":[{"taxonomy":"product_brand","embeddable":true,"href":"https:\/\/amazonflavors.com.br\/en\/wp-json\/wp\/v2\/product_brand?post=2217"},{"taxonomy":"product_cat","embeddable":true,"href":"https:\/\/amazonflavors.com.br\/en\/wp-json\/wp\/v2\/product_cat?post=2217"},{"taxonomy":"product_tag","embeddable":true,"href":"https:\/\/amazonflavors.com.br\/en\/wp-json\/wp\/v2\/product_tag?post=2217"}],"curies":[{"name":"wp","href":"https:\/\/api.w.org\/{rel}","templated":true}]}}