{"id":2155,"date":"2024-07-18T15:26:53","date_gmt":"2024-07-18T18:26:53","guid":{"rendered":"https:\/\/amazonflavors.com.br\/?post_type=product&#038;p=2155"},"modified":"2026-01-14T18:49:12","modified_gmt":"2026-01-14T21:49:12","slug":"farinha-de-mandioca","status":"publish","type":"product","link":"https:\/\/amazonflavors.com.br\/en\/shop\/farofa\/farinha-de-mandioca\/","title":{"rendered":"Farinha de Mandioca"},"content":{"rendered":"<p>A farinha de mandioca \u00e9 um alimento t\u00edpico da culin\u00e1ria brasileira, especialmente consumido nas regi\u00f5es Norte e Nordeste. Rica em carboidratos, \u00e9 uma excelente fonte de energia, al\u00e9m de conter fibras que auxiliam na digest\u00e3o e no bom funcionamento do intestino. Naturalmente sem gl\u00faten, pode ser consumida por pessoas com restri\u00e7\u00f5es alimentares. Vers\u00e1til, \u00e9 usada em diversas receitas, como farofas, pir\u00e3o e beiju, sendo um ingrediente essencial na gastronomia nacional.<\/p>\n","protected":false},"excerpt":{"rendered":"<p>A farinha de mandioca \u00e9 um alimento t\u00edpico da culin\u00e1ria brasileira, especialmente consumido nas regi\u00f5es Norte e Nordeste. Rica em carboidratos, \u00e9 uma excelente fonte de<span class=\"excerpt-hellip\"> [\u2026]<\/span><\/p>\n","protected":false},"featured_media":2156,"comment_status":"open","ping_status":"closed","template":"","meta":[],"product_brand":[],"product_cat":[323],"product_tag":[],"class_list":{"0":"post-2155","1":"product","2":"type-product","3":"status-publish","4":"has-post-thumbnail","6":"product_cat-farofa","8":"first","9":"instock","10":"taxable","11":"shipping-taxable","12":"purchasable","13":"product-type-simple"},"_links":{"self":[{"href":"https:\/\/amazonflavors.com.br\/en\/wp-json\/wp\/v2\/product\/2155","targetHints":{"allow":["GET"]}}],"collection":[{"href":"https:\/\/amazonflavors.com.br\/en\/wp-json\/wp\/v2\/product"}],"about":[{"href":"https:\/\/amazonflavors.com.br\/en\/wp-json\/wp\/v2\/types\/product"}],"replies":[{"embeddable":true,"href":"https:\/\/amazonflavors.com.br\/en\/wp-json\/wp\/v2\/comments?post=2155"}],"wp:featuredmedia":[{"embeddable":true,"href":"https:\/\/amazonflavors.com.br\/en\/wp-json\/wp\/v2\/media\/2156"}],"wp:attachment":[{"href":"https:\/\/amazonflavors.com.br\/en\/wp-json\/wp\/v2\/media?parent=2155"}],"wp:term":[{"taxonomy":"product_brand","embeddable":true,"href":"https:\/\/amazonflavors.com.br\/en\/wp-json\/wp\/v2\/product_brand?post=2155"},{"taxonomy":"product_cat","embeddable":true,"href":"https:\/\/amazonflavors.com.br\/en\/wp-json\/wp\/v2\/product_cat?post=2155"},{"taxonomy":"product_tag","embeddable":true,"href":"https:\/\/amazonflavors.com.br\/en\/wp-json\/wp\/v2\/product_tag?post=2155"}],"curies":[{"name":"wp","href":"https:\/\/api.w.org\/{rel}","templated":true}]}}